{"id":1937,"date":"2025-07-02T10:53:36","date_gmt":"2025-07-02T10:53:36","guid":{"rendered":"https:\/\/lp.imagen-ai.com\/july4th\/"},"modified":"2025-08-07T11:45:47","modified_gmt":"2025-08-07T11:45:47","slug":"july4th","status":"publish","type":"page","link":"https:\/\/lp.imagen-ai.com\/fr\/july4th\/","title":{"rendered":"july4th"},"content":{"rendered":"\t\t<div data-elementor-type=\"wp-page\" data-elementor-id=\"1937\" class=\"elementor elementor-1937\" data-elementor-post-type=\"page\">\n\t\t\t\t<div class=\"elementor-element elementor-element-77df84a e-flex e-con-boxed e-con e-parent\" data-id=\"77df84a\" data-element_type=\"container\" data-e-type=\"container\" data-settings=\"{&quot;background_background&quot;:&quot;classic&quot;}\">\n\t\t\t\t\t<div class=\"e-con-inner\">\n\t\t\t\t<div class=\"elementor-element elementor-element-85adcd6 elementor-widget elementor-widget-heading\" data-id=\"85adcd6\" data-element_type=\"widget\" data-e-type=\"widget\" data-widget_type=\"heading.default\">\n\t\t\t\t<div class=\"elementor-widget-container\">\n\t\t\t\t\t<span class=\"elementor-heading-title elementor-size-default\">F\u00eate du 4 juillet <b>SOLDES<\/b><\/span>\t\t\t\t<\/div>\n\t\t\t\t<\/div>\n\t\t\t\t\t<\/div>\n\t\t\t\t<\/div>\n\t\t<div class=\"elementor-element elementor-element-3699e49 e-flex e-con-boxed e-con e-parent\" data-id=\"3699e49\" data-element_type=\"container\" data-e-type=\"container\">\n\t\t\t\t\t<div class=\"e-con-inner\">\n\t\t\t\t<div class=\"elementor-element elementor-element-0a0c68a elementor-widget elementor-widget-heading\" data-id=\"0a0c68a\" data-element_type=\"widget\" data-e-type=\"widget\" data-widget_type=\"heading.default\">\n\t\t\t\t<div class=\"elementor-widget-container\">\n\t\t\t\t\t<div class=\"elementor-heading-title elementor-size-default\">Offre \u00e0 dur\u00e9e limit\u00e9e\n<\/div>\t\t\t\t<\/div>\n\t\t\t\t<\/div>\n\t\t\t\t<div class=\"elementor-element elementor-element-0a511b6 elementor-widget elementor-widget-heading\" data-id=\"0a511b6\" data-element_type=\"widget\" data-e-type=\"widget\" data-widget_type=\"heading.default\">\n\t\t\t\t<div class=\"elementor-widget-container\">\n\t\t\t\t\t<h1 class=\"elementor-heading-title elementor-size-default\">C\u00e9l\u00e9brez la libert\u00e9 des t\u00e2ches fastidieuses avec\n<b>25 % de r\u00e9duction<\/b> sur votre premi\u00e8re facture<\/h1>\t\t\t\t<\/div>\n\t\t\t\t<\/div>\n\t\t\t\t<div class=\"elementor-element elementor-element-d1f8ad7 elementor-widget elementor-widget-text-editor\" data-id=\"d1f8ad7\" data-element_type=\"widget\" data-e-type=\"widget\" data-widget_type=\"text-editor.default\">\n\t\t\t\t<div class=\"elementor-widget-container\">\n\t\t\t\t\t\t\t\t\t<p>Profitez au maximum d&rsquo;Imagen \u00e0 moindre co\u00fbt.<br>Utilisez le code <strong>july4th<\/strong> lors du paiement.<\/p>\t\t\t\t\t\t\t\t<\/div>\n\t\t\t\t<\/div>\n\t\t<div class=\"elementor-element elementor-element-02c299b e-con-full e-flex e-con e-child\" data-id=\"02c299b\" data-element_type=\"container\" data-e-type=\"container\">\n\t\t\t\t<div class=\"elementor-element elementor-element-bc914f3 elementor-align-justify elementor-widget elementor-widget-button\" data-id=\"bc914f3\" data-element_type=\"widget\" data-e-type=\"widget\" english=\"\" data-widget_type=\"button.default\">\n\t\t\t\t<div class=\"elementor-widget-container\">\n\t\t\t\t\t\t\t\t\t<div class=\"elementor-button-wrapper\">\n\t\t\t\t\t<a class=\"elementor-button elementor-button-link elementor-size-sm\" href=\"#elementor-action%3Aaction%3Dpopup%3Aopen%26settings%3DeyJpZCI6MjgyMSwidG9nZ2xlIjpmYWxzZX0%3D\" mixpanel=\"Open signup form\">\n\t\t\t\t\t\t<span class=\"elementor-button-content-wrapper\">\n\t\t\t\t\t\t\t\t\t<span class=\"elementor-button-text\">Profitez des \u00e9conomies<\/span>\n\t\t\t\t\t<\/span>\n\t\t\t\t\t<\/a>\n\t\t\t\t<\/div>\n\t\t\t\t\t\t\t\t<\/div>\n\t\t\t\t<\/div>\n\t\t\t\t<\/div>\n\t\t\t\t<div class=\"elementor-element elementor-element-c736be9 elementor-widget elementor-widget-text-editor\" data-id=\"c736be9\" data-element_type=\"widget\" data-e-type=\"widget\" data-widget_type=\"text-editor.default\">\n\t\t\t\t<div class=\"elementor-widget-container\">\n\t\t\t\t\t\t\t\t\t<p>*Offre se terminant le 9 juillet 2025, disponible uniquement pour les nouveaux abonn\u00e9s<\/p>\t\t\t\t\t\t\t\t<\/div>\n\t\t\t\t<\/div>\n\t\t\t\t\t<\/div>\n\t\t\t\t<\/div>\n\t\t<div class=\"elementor-element elementor-element-5612b291 e-flex e-con-boxed e-con e-parent\" data-id=\"5612b291\" data-element_type=\"container\" data-e-type=\"container\">\n\t\t\t\t\t<div class=\"e-con-inner\">\n\t\t<div class=\"elementor-element elementor-element-711fc2ab e-grid e-con-full e-con e-child\" data-id=\"711fc2ab\" data-element_type=\"container\" data-e-type=\"container\">\n\t\t<div class=\"elementor-element elementor-element-57f88528 e-grid e-con-full e-con e-child\" data-id=\"57f88528\" data-element_type=\"container\" data-e-type=\"container\">\n\t\t\t\t<div class=\"elementor-element elementor-element-515dec6 elementor-widget elementor-widget-image\" data-id=\"515dec6\" data-element_type=\"widget\" data-e-type=\"widget\" data-widget_type=\"image.default\">\n\t\t\t\t<div class=\"elementor-widget-container\">\n\t\t\t\t\t\t\t\t\t\t\t\t\t\t\t<img fetchpriority=\"high\" decoding=\"async\" width=\"831\" height=\"645\" src=\"https:\/\/lp.imagen-ai.com\/wp-content\/uploads\/2025\/07\/img-1.png\" class=\"attachment-full size-full wp-image-667\" alt=\"\" srcset=\"https:\/\/lp.imagen-ai.com\/wp-content\/uploads\/2025\/07\/img-1.png 831w, https:\/\/lp.imagen-ai.com\/wp-content\/uploads\/2025\/07\/img-1-300x233.png 300w, https:\/\/lp.imagen-ai.com\/wp-content\/uploads\/2025\/07\/img-1-768x596.png 768w\" sizes=\"(max-width: 831px) 100vw, 831px\" \/>\t\t\t\t\t\t\t\t\t\t\t\t\t\t\t<\/div>\n\t\t\t\t<\/div>\n\t\t<div class=\"elementor-element elementor-element-712082cd e-con-full e-flex e-con e-child\" data-id=\"712082cd\" data-element_type=\"container\" data-e-type=\"container\">\n\t\t\t\t<div class=\"elementor-element elementor-element-27849cda elementor-widget elementor-widget-heading\" data-id=\"27849cda\" data-element_type=\"widget\" data-e-type=\"widget\" data-widget_type=\"heading.default\">\n\t\t\t\t<div class=\"elementor-widget-container\">\n\t\t\t\t\t<h2 class=\"elementor-heading-title elementor-size-default\">L'\u00e9dition photo par IA qui vous comprend.\n<\/h2>\t\t\t\t<\/div>\n\t\t\t\t<\/div>\n\t\t\t\t<div class=\"elementor-element elementor-element-128cacb2 elementor-widget elementor-widget-text-editor\" data-id=\"128cacb2\" data-element_type=\"widget\" data-e-type=\"widget\" data-widget_type=\"text-editor.default\">\n\t\t\t\t<div class=\"elementor-widget-container\">\n\t\t\t\t\t\t\t\t\t<p>Imagen comprend votre style et \u00e9dite comme vous le feriez, ainsi vos photos restent coh\u00e9rentes et vous gardez le contr\u00f4le.<\/p><p> <\/p>\t\t\t\t\t\t\t\t<\/div>\n\t\t\t\t<\/div>\n\t\t\t\t<div class=\"elementor-element elementor-element-10376fc6 cta-link elementor-widget elementor-widget-button\" data-id=\"10376fc6\" data-element_type=\"widget\" data-e-type=\"widget\" data-widget_type=\"button.default\">\n\t\t\t\t<div class=\"elementor-widget-container\">\n\t\t\t\t\t\t\t\t\t<div class=\"elementor-button-wrapper\">\n\t\t\t\t\t<a class=\"elementor-button elementor-button-link elementor-size-sm\" href=\"#elementor-action%3Aaction%3Dpopup%3Aopen%26settings%3DeyJpZCI6MjgyMSwidG9nZ2xlIjpmYWxzZX0%3D\" mixpanel=\"Open signup form\">\n\t\t\t\t\t\t<span class=\"elementor-button-content-wrapper\">\n\t\t\t\t\t\t<span class=\"elementor-button-icon\">\n\t\t\t\t<svg xmlns=\"http:\/\/www.w3.org\/2000\/svg\" width=\"19\" height=\"19\" viewBox=\"0 0 19 19\" fill=\"none\"><path d=\"M7.12499 3.95825V5.54159H12.3421L3.16666 14.717L4.28291 15.8333L13.4583 6.65784V11.8749H15.0417V3.95825H7.12499Z\" fill=\"currentColor\"><\/path><\/svg>\t\t\t<\/span>\n\t\t\t\t\t\t\t\t\t<span class=\"elementor-button-text\">En savoir plus<\/span>\n\t\t\t\t\t<\/span>\n\t\t\t\t\t<\/a>\n\t\t\t\t<\/div>\n\t\t\t\t\t\t\t\t<\/div>\n\t\t\t\t<\/div>\n\t\t\t\t<\/div>\n\t\t\t\t<\/div>\n\t\t<div class=\"elementor-element elementor-element-5d7bc35c e-grid e-con-full e-con e-child\" data-id=\"5d7bc35c\" data-element_type=\"container\" data-e-type=\"container\">\n\t\t<div class=\"elementor-element elementor-element-f2954e9 e-con-full e-flex e-con e-child\" data-id=\"f2954e9\" data-element_type=\"container\" data-e-type=\"container\">\n\t\t\t\t<div class=\"elementor-element elementor-element-55989fd7 elementor-widget elementor-widget-heading\" data-id=\"55989fd7\" data-element_type=\"widget\" data-e-type=\"widget\" data-widget_type=\"heading.default\">\n\t\t\t\t<div class=\"elementor-widget-container\">\n\t\t\t\t\t<h2 class=\"elementor-heading-title elementor-size-default\">Concentrez-vous sur la cr\u00e9ation, nous nous occupons du reste.\n<\/h2>\t\t\t\t<\/div>\n\t\t\t\t<\/div>\n\t\t\t\t<div class=\"elementor-element elementor-element-1b88d8f1 elementor-widget elementor-widget-text-editor\" data-id=\"1b88d8f1\" data-element_type=\"widget\" data-e-type=\"widget\" data-widget_type=\"text-editor.default\">\n\t\t\t\t<div class=\"elementor-widget-container\">\n\t\t\t\t\t\t\t\t\t<p>Imagen couvre tout le flux de travail : tri, \u00e9dition, stockage et livraison, vous aidant \u00e0 travailler plus rapidement et \u00e0 \u00e9conomiser jusqu&rsquo;\u00e0 96 % de votre temps.<\/p><p> <\/p>\t\t\t\t\t\t\t\t<\/div>\n\t\t\t\t<\/div>\n\t\t\t\t<div class=\"elementor-element elementor-element-d017e94 cta-link elementor-widget elementor-widget-button\" data-id=\"d017e94\" data-element_type=\"widget\" data-e-type=\"widget\" data-widget_type=\"button.default\">\n\t\t\t\t<div class=\"elementor-widget-container\">\n\t\t\t\t\t\t\t\t\t<div class=\"elementor-button-wrapper\">\n\t\t\t\t\t<a class=\"elementor-button elementor-button-link elementor-size-sm\" href=\"#elementor-action%3Aaction%3Dpopup%3Aopen%26settings%3DeyJpZCI6MjgyMSwidG9nZ2xlIjpmYWxzZX0%3D\" mixpanel=\"Open signup form\">\n\t\t\t\t\t\t<span class=\"elementor-button-content-wrapper\">\n\t\t\t\t\t\t<span class=\"elementor-button-icon\">\n\t\t\t\t<svg xmlns=\"http:\/\/www.w3.org\/2000\/svg\" width=\"19\" height=\"19\" viewBox=\"0 0 19 19\" fill=\"none\"><path d=\"M7.12499 3.95825V5.54159H12.3421L3.16666 14.717L4.28291 15.8333L13.4583 6.65784V11.8749H15.0417V3.95825H7.12499Z\" fill=\"currentColor\"><\/path><\/svg>\t\t\t<\/span>\n\t\t\t\t\t\t\t\t\t<span class=\"elementor-button-text\">Je suis pr\u00eat \u00e0 essayer<\/span>\n\t\t\t\t\t<\/span>\n\t\t\t\t\t<\/a>\n\t\t\t\t<\/div>\n\t\t\t\t\t\t\t\t<\/div>\n\t\t\t\t<\/div>\n\t\t\t\t<\/div>\n\t\t\t\t<div class=\"elementor-element elementor-element-b26dc9d elementor-widget elementor-widget-image\" data-id=\"b26dc9d\" data-element_type=\"widget\" data-e-type=\"widget\" data-widget_type=\"image.default\">\n\t\t\t\t<div class=\"elementor-widget-container\">\n\t\t\t\t\t\t\t\t\t\t\t\t\t\t\t<img decoding=\"async\" width=\"831\" height=\"645\" src=\"https:\/\/lp.imagen-ai.com\/wp-content\/uploads\/2025\/07\/img-2.png\" class=\"attachment-full size-full wp-image-673\" alt=\"\" srcset=\"https:\/\/lp.imagen-ai.com\/wp-content\/uploads\/2025\/07\/img-2.png 831w, https:\/\/lp.imagen-ai.com\/wp-content\/uploads\/2025\/07\/img-2-300x233.png 300w, https:\/\/lp.imagen-ai.com\/wp-content\/uploads\/2025\/07\/img-2-768x596.png 768w\" sizes=\"(max-width: 831px) 100vw, 831px\" \/>\t\t\t\t\t\t\t\t\t\t\t\t\t\t\t<\/div>\n\t\t\t\t<\/div>\n\t\t\t\t<\/div>\n\t\t\t\t<\/div>\n\t\t<div class=\"elementor-element elementor-element-61c5e0a e-con-full e-flex e-con e-child\" data-id=\"61c5e0a\" data-element_type=\"container\" data-e-type=\"container\">\n\t\t\t\t<div class=\"elementor-element elementor-element-4c9a086 elementor-hidden-tablet elementor-hidden-mobile elementor-align-justify elementor-widget elementor-widget-button\" data-id=\"4c9a086\" data-element_type=\"widget\" data-e-type=\"widget\" english=\"\" data-widget_type=\"button.default\">\n\t\t\t\t<div class=\"elementor-widget-container\">\n\t\t\t\t\t\t\t\t\t<div class=\"elementor-button-wrapper\">\n\t\t\t\t\t<a class=\"elementor-button elementor-button-link elementor-size-sm\" href=\"#elementor-action%3Aaction%3Dpopup%3Aopen%26settings%3DeyJpZCI6MjgyMSwidG9nZ2xlIjpmYWxzZX0%3D\" mixpanel=\"Open signup form\">\n\t\t\t\t\t\t<span class=\"elementor-button-content-wrapper\">\n\t\t\t\t\t\t\t\t\t<span class=\"elementor-button-text\">Gagnons du temps<\/span>\n\t\t\t\t\t<\/span>\n\t\t\t\t\t<\/a>\n\t\t\t\t<\/div>\n\t\t\t\t\t\t\t\t<\/div>\n\t\t\t\t<\/div>\n\t\t\t\t<\/div>\n\t\t\t\t\t<\/div>\n\t\t\t\t<\/div>\n\t\t\t\t<\/div>\n\t\t","protected":false},"excerpt":{"rendered":"<p>F\u00eate du 4 juillet SOLDES Offre \u00e0 dur\u00e9e limit\u00e9e C\u00e9l\u00e9brez la libert\u00e9 des t\u00e2ches fastidieuses avec 25 % de r\u00e9duction sur votre premi\u00e8re facture Profitez au maximum d&rsquo;Imagen \u00e0 moindre co\u00fbt.Utilisez le code july4th lors du paiement. Profitez des \u00e9conomies *Offre se terminant le 9 juillet 2025, disponible uniquement pour les nouveaux abonn\u00e9s L&rsquo;\u00e9dition photo [&hellip;]<\/p>\n","protected":false},"author":3,"featured_media":0,"parent":0,"menu_order":0,"comment_status":"closed","ping_status":"closed","template":"","meta":{"_acf_changed":false,"footnotes":""},"categories":[],"tags":[],"class_list":["post-1937","page","type-page","status-publish","hentry"],"acf":[],"yoast_head":"<!-- This site is optimized with the Yoast SEO plugin v26.9 - https:\/\/yoast.com\/product\/yoast-seo-wordpress\/ -->\n<title>july4th - Imagen<\/title>\n<meta name=\"robots\" content=\"noindex, follow, max-snippet:-1, max-image-preview:large, max-video-preview:-1\" \/>\n<meta property=\"og:locale\" content=\"fr_FR\" \/>\n<meta property=\"og:type\" content=\"article\" \/>\n<meta property=\"og:title\" content=\"july4th - Imagen\" \/>\n<meta property=\"og:description\" content=\"F\u00eate du 4 juillet SOLDES Offre \u00e0 dur\u00e9e limit\u00e9e C\u00e9l\u00e9brez la libert\u00e9 des t\u00e2ches fastidieuses avec 25 % de r\u00e9duction sur votre premi\u00e8re facture Profitez au maximum d&rsquo;Imagen \u00e0 moindre co\u00fbt.Utilisez le code july4th lors du paiement. Profitez des \u00e9conomies *Offre se terminant le 9 juillet 2025, disponible uniquement pour les nouveaux abonn\u00e9s L&rsquo;\u00e9dition photo [&hellip;]\" \/>\n<meta property=\"og:url\" content=\"https:\/\/lp.imagen-ai.com\/fr\/july4th\/\" \/>\n<meta property=\"og:site_name\" content=\"Imagen\" \/>\n<meta property=\"article:modified_time\" content=\"2025-08-07T11:45:47+00:00\" \/>\n<meta property=\"og:image\" content=\"https:\/\/lp.imagen-ai.com\/wp-content\/uploads\/2025\/07\/img-1.png\" \/>\n\t<meta property=\"og:image:width\" content=\"831\" \/>\n\t<meta property=\"og:image:height\" content=\"645\" \/>\n\t<meta property=\"og:image:type\" content=\"image\/png\" \/>\n<meta name=\"twitter:card\" content=\"summary_large_image\" \/>\n<meta name=\"twitter:label1\" content=\"Dur\u00e9e de lecture estim\u00e9e\" \/>\n\t<meta name=\"twitter:data1\" content=\"1 minute\" \/>\n<script type=\"application\/ld+json\" class=\"yoast-schema-graph\">{\"@context\":\"https:\/\/schema.org\",\"@graph\":[{\"@type\":\"WebPage\",\"@id\":\"https:\/\/lp.imagen-ai.com\/fr\/july4th\/\",\"url\":\"https:\/\/lp.imagen-ai.com\/fr\/july4th\/\",\"name\":\"july4th - Imagen\",\"isPartOf\":{\"@id\":\"https:\/\/lp.imagen-ai.com\/fr\/#website\"},\"primaryImageOfPage\":{\"@id\":\"https:\/\/lp.imagen-ai.com\/fr\/july4th\/#primaryimage\"},\"image\":{\"@id\":\"https:\/\/lp.imagen-ai.com\/fr\/july4th\/#primaryimage\"},\"thumbnailUrl\":\"https:\/\/lp.imagen-ai.com\/wp-content\/uploads\/2025\/07\/img-1.png\",\"datePublished\":\"2025-07-02T10:53:36+00:00\",\"dateModified\":\"2025-08-07T11:45:47+00:00\",\"breadcrumb\":{\"@id\":\"https:\/\/lp.imagen-ai.com\/fr\/july4th\/#breadcrumb\"},\"inLanguage\":\"fr-FR\",\"potentialAction\":[{\"@type\":\"ReadAction\",\"target\":[\"https:\/\/lp.imagen-ai.com\/fr\/july4th\/\"]}]},{\"@type\":\"ImageObject\",\"inLanguage\":\"fr-FR\",\"@id\":\"https:\/\/lp.imagen-ai.com\/fr\/july4th\/#primaryimage\",\"url\":\"https:\/\/lp.imagen-ai.com\/wp-content\/uploads\/2025\/07\/img-1.png\",\"contentUrl\":\"https:\/\/lp.imagen-ai.com\/wp-content\/uploads\/2025\/07\/img-1.png\"},{\"@type\":\"BreadcrumbList\",\"@id\":\"https:\/\/lp.imagen-ai.com\/fr\/july4th\/#breadcrumb\",\"itemListElement\":[{\"@type\":\"ListItem\",\"position\":1,\"name\":\"Home\",\"item\":\"https:\/\/lp.imagen-ai.com\/fr\/\"},{\"@type\":\"ListItem\",\"position\":2,\"name\":\"july4th\"}]},{\"@type\":\"WebSite\",\"@id\":\"https:\/\/lp.imagen-ai.com\/fr\/#website\",\"url\":\"https:\/\/lp.imagen-ai.com\/fr\/\",\"name\":\"Imagen\",\"description\":\"Personalized AI-powered Photo Editing Software\",\"potentialAction\":[{\"@type\":\"SearchAction\",\"target\":{\"@type\":\"EntryPoint\",\"urlTemplate\":\"https:\/\/lp.imagen-ai.com\/fr\/?s={search_term_string}\"},\"query-input\":{\"@type\":\"PropertyValueSpecification\",\"valueRequired\":true,\"valueName\":\"search_term_string\"}}],\"inLanguage\":\"fr-FR\"}]}<\/script>\n<!-- \/ Yoast SEO plugin. -->","yoast_head_json":{"title":"july4th - Imagen","robots":{"index":"noindex","follow":"follow","max-snippet":"max-snippet:-1","max-image-preview":"max-image-preview:large","max-video-preview":"max-video-preview:-1"},"og_locale":"fr_FR","og_type":"article","og_title":"july4th - Imagen","og_description":"F\u00eate du 4 juillet SOLDES Offre \u00e0 dur\u00e9e limit\u00e9e C\u00e9l\u00e9brez la libert\u00e9 des t\u00e2ches fastidieuses avec 25 % de r\u00e9duction sur votre premi\u00e8re facture Profitez au maximum d&rsquo;Imagen \u00e0 moindre co\u00fbt.Utilisez le code july4th lors du paiement. Profitez des \u00e9conomies *Offre se terminant le 9 juillet 2025, disponible uniquement pour les nouveaux abonn\u00e9s L&rsquo;\u00e9dition photo [&hellip;]","og_url":"https:\/\/lp.imagen-ai.com\/fr\/july4th\/","og_site_name":"Imagen","article_modified_time":"2025-08-07T11:45:47+00:00","og_image":[{"width":831,"height":645,"url":"https:\/\/lp.imagen-ai.com\/wp-content\/uploads\/2025\/07\/img-1.png","type":"image\/png"}],"twitter_card":"summary_large_image","twitter_misc":{"Dur\u00e9e de lecture estim\u00e9e":"1 minute"},"schema":{"@context":"https:\/\/schema.org","@graph":[{"@type":"WebPage","@id":"https:\/\/lp.imagen-ai.com\/fr\/july4th\/","url":"https:\/\/lp.imagen-ai.com\/fr\/july4th\/","name":"july4th - Imagen","isPartOf":{"@id":"https:\/\/lp.imagen-ai.com\/fr\/#website"},"primaryImageOfPage":{"@id":"https:\/\/lp.imagen-ai.com\/fr\/july4th\/#primaryimage"},"image":{"@id":"https:\/\/lp.imagen-ai.com\/fr\/july4th\/#primaryimage"},"thumbnailUrl":"https:\/\/lp.imagen-ai.com\/wp-content\/uploads\/2025\/07\/img-1.png","datePublished":"2025-07-02T10:53:36+00:00","dateModified":"2025-08-07T11:45:47+00:00","breadcrumb":{"@id":"https:\/\/lp.imagen-ai.com\/fr\/july4th\/#breadcrumb"},"inLanguage":"fr-FR","potentialAction":[{"@type":"ReadAction","target":["https:\/\/lp.imagen-ai.com\/fr\/july4th\/"]}]},{"@type":"ImageObject","inLanguage":"fr-FR","@id":"https:\/\/lp.imagen-ai.com\/fr\/july4th\/#primaryimage","url":"https:\/\/lp.imagen-ai.com\/wp-content\/uploads\/2025\/07\/img-1.png","contentUrl":"https:\/\/lp.imagen-ai.com\/wp-content\/uploads\/2025\/07\/img-1.png"},{"@type":"BreadcrumbList","@id":"https:\/\/lp.imagen-ai.com\/fr\/july4th\/#breadcrumb","itemListElement":[{"@type":"ListItem","position":1,"name":"Home","item":"https:\/\/lp.imagen-ai.com\/fr\/"},{"@type":"ListItem","position":2,"name":"july4th"}]},{"@type":"WebSite","@id":"https:\/\/lp.imagen-ai.com\/fr\/#website","url":"https:\/\/lp.imagen-ai.com\/fr\/","name":"Imagen","description":"Personalized AI-powered Photo Editing Software","potentialAction":[{"@type":"SearchAction","target":{"@type":"EntryPoint","urlTemplate":"https:\/\/lp.imagen-ai.com\/fr\/?s={search_term_string}"},"query-input":{"@type":"PropertyValueSpecification","valueRequired":true,"valueName":"search_term_string"}}],"inLanguage":"fr-FR"}]}},"_links":{"self":[{"href":"https:\/\/lp.imagen-ai.com\/fr\/wp-json\/wp\/v2\/pages\/1937","targetHints":{"allow":["GET"]}}],"collection":[{"href":"https:\/\/lp.imagen-ai.com\/fr\/wp-json\/wp\/v2\/pages"}],"about":[{"href":"https:\/\/lp.imagen-ai.com\/fr\/wp-json\/wp\/v2\/types\/page"}],"author":[{"embeddable":true,"href":"https:\/\/lp.imagen-ai.com\/fr\/wp-json\/wp\/v2\/users\/3"}],"replies":[{"embeddable":true,"href":"https:\/\/lp.imagen-ai.com\/fr\/wp-json\/wp\/v2\/comments?post=1937"}],"version-history":[{"count":0,"href":"https:\/\/lp.imagen-ai.com\/fr\/wp-json\/wp\/v2\/pages\/1937\/revisions"}],"wp:attachment":[{"href":"https:\/\/lp.imagen-ai.com\/fr\/wp-json\/wp\/v2\/media?parent=1937"}],"wp:term":[{"taxonomy":"category","embeddable":true,"href":"https:\/\/lp.imagen-ai.com\/fr\/wp-json\/wp\/v2\/categories?post=1937"},{"taxonomy":"post_tag","embeddable":true,"href":"https:\/\/lp.imagen-ai.com\/fr\/wp-json\/wp\/v2\/tags?post=1937"}],"curies":[{"name":"wp","href":"https:\/\/api.w.org\/{rel}","templated":true}]}}